{"id":5501,"date":"2026-03-11T22:08:24","date_gmt":"2026-03-11T21:08:24","guid":{"rendered":"https:\/\/betiko.eu\/?post_type=product&#038;p=5501"},"modified":"2026-03-11T22:08:24","modified_gmt":"2026-03-11T21:08:24","slug":"komplet-do-lozeczka-kolderka-i-poduszka-dziecieca-dla-niemowlat-135x100-cm","status":"publish","type":"product","link":"https:\/\/betiko.eu\/index.php\/product\/komplet-do-lozeczka-kolderka-i-poduszka-dziecieca-dla-niemowlat-135x100-cm\/","title":{"rendered":"Komplet do \u0141\u00f3\u017ceczka Ko\u0142derka i Poduszka Dzieci\u0119ca dla Niemowl\u0105t 135&#215;100 cm"},"content":{"rendered":"<h2>Cechy produktu:<\/h2>\n<ul>\n<li><b>Komplet dwucz\u0119\u015bciowy<\/b>: Ko\u0142derka i poduszka.<\/li>\n<li><b>Wymiary<\/b>: Ko\u0142derka 135&#215;100 cm, poduszka 40&#215;60 cm.<\/li>\n<li><b>Materia\u0142<\/b>: Wysokiej jako\u015bci, mi\u0119kkie materia\u0142y.<\/li>\n<li><b>Oddychalno\u015b\u0107<\/b>: Dobra cyrkulacja powietrza.<\/li>\n<li><b>Wype\u0142nienie<\/b>: 100% W\u0142\u00f3kno poliestrowe z domieszk\u0105 silikonu, karbowane, spr\u0119\u017cyste, recyklowane<\/li>\n<li><b>Poszycie:<\/b>\u00a0100% poliester (mikrofibra)<\/li>\n<li>Zadbali\u015bmy o to, aby Tw\u00f3j maluszek otrzyma\u0142 od nas to, co najlepsze. W\u0142a\u015bnie dlatego nasza<b>\u00a0ko\u0142derka i poduszka dla niemowl\u0105t wype\u0142nione s\u0105 100% poliestrem.<\/b>\n<p><b>Poliester ma w\u0142a\u015bciwo\u015bci antystatyczne,<\/b>\u00a0co zapobiega\u00a0<b>gromadzeniu si\u0119 kurzu,\u00a0<\/b>w\u0142\u00f3kna poliestrowe s\u0105 lekkie, a przy tym spr\u0119\u017cyste. Dzi\u0119ki nim Tw\u00f3j maluch b\u0119dzie mia\u0142 du\u017c\u0105 swobod\u0119 ruchu.<\/p>\n<p><b>Wype\u0142nienie:<\/b>\u00a0100% (w\u0142\u00f3kno poliestrowe z domieszk\u0105 silikonu, karbowane, spr\u0119\u017cyste, recyklowane)<\/li>\n<li>Poszycie naszej poduszki i ko\u0142derki dla niemowl\u0105t\u00a0<b>wykonane jest z mikrofibry<\/b>, kt\u00f3ra powszechnie jest wykorzystywana w bran\u017cy tekstylnej.\n<p>W\u0142\u00f3kna poliestrowe doceniane s\u0105 w szczeg\u00f3lno\u015bci za swoj\u0105\u00a0<b>wytrzyma\u0142o\u015b\u0107, lekko\u015b\u0107, a tak\u017ce przyjemn\u0105 w dotyku faktur\u0119<\/b>. Nie podra\u017cniaj\u0105 przy tym sk\u00f3ry!<\/p>\n<p><b>Poszycie:<\/b>\u00a0100% poliester (mikrofibra)<\/li>\n<li>UWAGA!!<br \/>\nKO\u0141DRA I PODUSZKA<br \/>\nPAKOWANE S\u0104 PR\u00d3\u017bNIOWO<br \/>\n&#8211; s\u0105 bardzo p\u0142askie.<br \/>\nPo rozpakowaniu potrzebuj\u0105 24-48h<br \/>\nby powr\u00f3ci\u0107 do swojej normalnej<br \/>\ngrubo\u015bci , spr\u0119\u017cysto\u015bci<\/li>\n<li>\n<div class=\"mg9e_8 mj7a_8 mryx_8 mx7m_1 mnyp_co mlkp_ag\">\n<h6 class=\"mp0t_ji m9qz_yo munh_0 m3h2_0 mp4t_0 mqu1_1j mgmw_wo mgn2_16 mgn2_17_s mryx_8\">Producent<\/h6>\n<section class=\"mryx_8\"><b>Nazwa:<\/b><br \/>\nBeata Kopa\u0144ska BETIKO<\/section>\n<section class=\"mryx_8\"><b>Kraj:<\/b><br \/>\nPolska<\/section>\n<section class=\"mryx_8\"><b>Adres:<\/b><br \/>\nGda\u0144ska 8, 14-200 I\u0142awa<\/section>\n<section class=\"mryx_8\"><b>Email:<\/b><br \/>\nbiuro@betiko.com.pl<\/section>\n<section class=\"mryx_8\"><b>Numer telefonu:<\/b><br \/>\n606350936<\/section>\n<\/div>\n<div class=\"mg9e_8 mj7a_8 mryx_8 mx7m_1 mnyp_co mlkp_ag\">\n<h6 class=\"mp0t_ji m9qz_yo munh_0 m3h2_0 mp4t_0 mqu1_1j mgmw_wo mgn2_16 mgn2_17_s mryx_8\">Osoba odpowiedzialna w UE<\/h6>\n<div class=\"mryx_8\">Osob\u0105 odpowiedzialn\u0105 jest podmiot gospodarczy z siedzib\u0105 w UE odpowiedzialny za okre\u015blone obowi\u0105zki dotycz\u0105ce zgodno\u015bci produktu.<\/div>\n<section class=\"mryx_8\"><b>Nazwa:<\/b><br \/>\nBeata Kopa\u0144ska BETIKO<\/section>\n<section class=\"mryx_8\"><b>Kraj:<\/b><br \/>\nPL<\/section>\n<section class=\"mryx_8\"><b>Adres:<\/b><br \/>\nGda\u0144ska 8, 14-200 I\u0142awa<\/section>\n<section class=\"mryx_8\"><b>Email:<\/b><br \/>\nbiuro@betiko.com.pl<\/section>\n<section class=\"mryx_8\"><b>Numer telefonu:<\/b><br \/>\n606350936<\/section>\n<\/div>\n<\/li>\n<li><\/li>\n<\/ul>\n","protected":false},"excerpt":{"rendered":"<p>Czas realizacji 2 dni robocze<\/p>\n","protected":false},"featured_media":5502,"comment_status":"closed","ping_status":"closed","template":"","meta":[],"product_brand":[],"product_cat":[65],"product_tag":[94],"class_list":{"0":"post-5501","1":"product","2":"type-product","3":"status-publish","4":"has-post-thumbnail","6":"product_cat-koldry-i-poduszki","7":"product_tag-wpk135","9":"first","10":"instock","11":"taxable","12":"shipping-taxable","13":"purchasable","14":"product-type-simple"},"_links":{"self":[{"href":"https:\/\/betiko.eu\/index.php\/wp-json\/wp\/v2\/product\/5501","targetHints":{"allow":["GET"]}}],"collection":[{"href":"https:\/\/betiko.eu\/index.php\/wp-json\/wp\/v2\/product"}],"about":[{"href":"https:\/\/betiko.eu\/index.php\/wp-json\/wp\/v2\/types\/product"}],"replies":[{"embeddable":true,"href":"https:\/\/betiko.eu\/index.php\/wp-json\/wp\/v2\/comments?post=5501"}],"wp:featuredmedia":[{"embeddable":true,"href":"https:\/\/betiko.eu\/index.php\/wp-json\/wp\/v2\/media\/5502"}],"wp:attachment":[{"href":"https:\/\/betiko.eu\/index.php\/wp-json\/wp\/v2\/media?parent=5501"}],"wp:term":[{"taxonomy":"product_brand","embeddable":true,"href":"https:\/\/betiko.eu\/index.php\/wp-json\/wp\/v2\/product_brand?post=5501"},{"taxonomy":"product_cat","embeddable":true,"href":"https:\/\/betiko.eu\/index.php\/wp-json\/wp\/v2\/product_cat?post=5501"},{"taxonomy":"product_tag","embeddable":true,"href":"https:\/\/betiko.eu\/index.php\/wp-json\/wp\/v2\/product_tag?post=5501"}],"curies":[{"name":"wp","href":"https:\/\/api.w.org\/{rel}","templated":true}]}}