{"id":5496,"date":"2026-03-11T21:47:30","date_gmt":"2026-03-11T20:47:30","guid":{"rendered":"https:\/\/betiko.eu\/?post_type=product&#038;p=5496"},"modified":"2026-03-11T21:47:30","modified_gmt":"2026-03-11T20:47:30","slug":"przescieradlo-z-gumka-do-lozeczka-100-bawelna-rozowe-120x60-cm","status":"publish","type":"product","link":"https:\/\/betiko.eu\/index.php\/product\/przescieradlo-z-gumka-do-lozeczka-100-bawelna-rozowe-120x60-cm\/","title":{"rendered":"Prze\u015bcierad\u0142o z Gumk\u0105 do \u0141\u00f3\u017ceczka 100% Bawe\u0142na R\u00f3\u017cowe 120&#215;60 cm"},"content":{"rendered":"<h2>Cechy produktu:<\/h2>\n<ul>\n<li>szyjemy z atestowanej, 100% bawe\u0142ny,<\/li>\n<\/ul>\n<ul>\n<li>nadaj\u0105 si\u0119 do prania w 40\u00b0C,<\/li>\n<\/ul>\n<ul>\n<li>maj\u0105 wszyt\u0105 na ca\u0142ym obwodzie gumk\u0119. To wygodne rozwi\u0105zanie, dzi\u0119ki kt\u00f3remu nie musisz martwi\u0107 si\u0119, \u017ce prze\u015bcierad\u0142o dzieci\u0119ce zsunie si\u0119 z materaca,<\/li>\n<\/ul>\n<ul>\n<li>uszyte s\u0105 w standardowym, uniwersalnym rozmiarze 60&#215;120 cm i dedykowane s\u0105 do grubych materacy.<\/li>\n<li>Uszyte ze <b>stuprocentowej bawe\u0142ny<\/b> dzieci\u0119ce prze\u015bcierad\u0142a z gumk\u0105 zadbaj\u0105 o komfort snu Twojego maluszka.W Betiko zawsze stawiamy na jako\u015b\u0107, dlatego oferowane przez nas prze\u015bcierad\u0142a s\u0105 <b>przewiewne, delikatne w dotyku, a tak\u017ce ch\u0142onne,<\/b> dzi\u0119ki czemu zapobiegaj\u0105 przepoceniu. <b>Nie wywo\u0142uj\u0105 tak\u017ce podra\u017cnie\u0144 sk\u00f3ry.<\/b>\n<p>Bawe\u0142niane prze\u015bcierad\u0142a na materac z gumk\u0105 Betiko to gwarancja komfortowego snu. Dzi\u0119ki nim, jako rodzic, masz pewno\u015b\u0107, \u017ce zapewnisz swojemu maluszkowi odpowiednie warunki do odpoczynku.<\/li>\n<li>\n<div class=\"mg9e_8 mj7a_8 mryx_8 mx7m_1 mnyp_co mlkp_ag\">\n<h6 class=\"mp0t_ji m9qz_yo munh_0 m3h2_0 mp4t_0 mqu1_1j mgmw_wo mgn2_16 mgn2_17_s mryx_8\">Producent<\/h6>\n<section class=\"mryx_8\"><b>Nazwa:<\/b><br \/>\nBeata Kopa\u0144ska BETIKO<\/section>\n<section class=\"mryx_8\"><b>Kraj:<\/b><br \/>\nPolska<\/section>\n<section class=\"mryx_8\"><b>Adres:<\/b><br \/>\nGda\u0144ska 8, 14-200 I\u0142awa<\/section>\n<section class=\"mryx_8\"><b>Email:<\/b><br \/>\nbiuro@betiko.com.pl<\/section>\n<section class=\"mryx_8\"><b>Numer telefonu:<\/b><br \/>\n606350936<\/section>\n<\/div>\n<div class=\"mg9e_8 mj7a_8 mryx_8 mx7m_1 mnyp_co mlkp_ag\">\n<h6 class=\"mp0t_ji m9qz_yo munh_0 m3h2_0 mp4t_0 mqu1_1j mgmw_wo mgn2_16 mgn2_17_s mryx_8\">Osoba odpowiedzialna w UE<\/h6>\n<div class=\"mryx_8\">Osob\u0105 odpowiedzialn\u0105 jest podmiot gospodarczy z siedzib\u0105 w UE odpowiedzialny za okre\u015blone obowi\u0105zki dotycz\u0105ce zgodno\u015bci produktu.<\/div>\n<section class=\"mryx_8\"><b>Nazwa:<\/b><br \/>\nBeata Kopa\u0144ska BETIKO<\/section>\n<section class=\"mryx_8\"><b>Kraj:<\/b><br \/>\nPL<\/section>\n<section class=\"mryx_8\"><b>Adres:<\/b><br \/>\nGda\u0144ska 8, 14-200 I\u0142awa<\/section>\n<section class=\"mryx_8\"><b>Email:<\/b><br \/>\nbiuro@betiko.com.pl<\/section>\n<section class=\"mryx_8\"><b>Numer telefonu:<\/b><br \/>\n606350936<\/section>\n<\/div>\n<\/li>\n<\/ul>\n","protected":false},"excerpt":{"rendered":"<p>Czas realizacji 2 dni robocze<\/p>\n","protected":false},"featured_media":5498,"comment_status":"closed","ping_status":"closed","template":"","meta":[],"product_brand":[],"product_cat":[91],"product_tag":[93],"class_list":{"0":"post-5496","1":"product","2":"type-product","3":"status-publish","4":"has-post-thumbnail","6":"product_cat-przescieradla-i-ochraniacze-materaca","7":"product_tag-prz002","9":"first","10":"instock","11":"taxable","12":"shipping-taxable","13":"purchasable","14":"product-type-simple"},"_links":{"self":[{"href":"https:\/\/betiko.eu\/index.php\/wp-json\/wp\/v2\/product\/5496","targetHints":{"allow":["GET"]}}],"collection":[{"href":"https:\/\/betiko.eu\/index.php\/wp-json\/wp\/v2\/product"}],"about":[{"href":"https:\/\/betiko.eu\/index.php\/wp-json\/wp\/v2\/types\/product"}],"replies":[{"embeddable":true,"href":"https:\/\/betiko.eu\/index.php\/wp-json\/wp\/v2\/comments?post=5496"}],"wp:featuredmedia":[{"embeddable":true,"href":"https:\/\/betiko.eu\/index.php\/wp-json\/wp\/v2\/media\/5498"}],"wp:attachment":[{"href":"https:\/\/betiko.eu\/index.php\/wp-json\/wp\/v2\/media?parent=5496"}],"wp:term":[{"taxonomy":"product_brand","embeddable":true,"href":"https:\/\/betiko.eu\/index.php\/wp-json\/wp\/v2\/product_brand?post=5496"},{"taxonomy":"product_cat","embeddable":true,"href":"https:\/\/betiko.eu\/index.php\/wp-json\/wp\/v2\/product_cat?post=5496"},{"taxonomy":"product_tag","embeddable":true,"href":"https:\/\/betiko.eu\/index.php\/wp-json\/wp\/v2\/product_tag?post=5496"}],"curies":[{"name":"wp","href":"https:\/\/api.w.org\/{rel}","templated":true}]}}