{"id":5426,"date":"2026-03-05T21:53:56","date_gmt":"2026-03-05T20:53:56","guid":{"rendered":"https:\/\/betiko.eu\/?post_type=product&#038;p=5426"},"modified":"2026-03-05T21:53:56","modified_gmt":"2026-03-05T20:53:56","slug":"poszewki-na-posciel-do-lozeczka-dla-niemowlat-komplet-2-elementy-120x90-cm-p006","status":"publish","type":"product","link":"https:\/\/betiko.eu\/index.php\/product\/poszewki-na-posciel-do-lozeczka-dla-niemowlat-komplet-2-elementy-120x90-cm-p006\/","title":{"rendered":"Poszewki na Po\u015bciel do \u0141\u00f3\u017ceczka dla Niemowl\u0105t Komplet 2 elementy 120&#215;90 cm P006"},"content":{"rendered":"<div class=\"mpof_ki myre_zn myre_8v_l m389_6m_l\">\n<div class=\"mp4t_16_s mryx_16_s mr3m_1 mli2_1 mh85_56 mh85_0_l\">\n<div class=\"mgn2_16 _0d3bd_am0a-\">\n<h1>Poszewki na Po\u015bciel do \u0142\u00f3\u017ceczka, Po\u015bciel Niemowl\u0119ca, Dzieci\u0119ca, 100% Bawe\u0142na, Zestaw, 2 elementy, Betiko, 120 x 90 cm<\/h1>\n<\/div>\n<\/div>\n<\/div>\n<div class=\"mpof_ki myre_zn myre_8v_l m389_6m_l\">\n<div class=\"mp4t_16_s mryx_16_s mr3m_1 mli2_1 mh85_56 mh85_0_l\">\n<div class=\"mgn2_16 _0d3bd_am0a-\">\n<h2>Cechy produktu:<\/h2>\n<ul>\n<li>Materia\u0142:\u00a0<b>100% bawe\u0142na<\/b><\/li>\n<\/ul>\n<ul>\n<li>Wymiary poszewki ko\u0142derki:\u00a0<b>120&#215;90 cm<\/b><\/li>\n<\/ul>\n<ul>\n<li>Wymiary poszewki poduszki:\u00a0<b>60&#215;40 cm<\/b><\/li>\n<\/ul>\n<ul>\n<li>Produkt posiada<b>\u00a0standardy bezpiecze\u0144stwa,\u00a0<\/b>a tak\u017ce normy\u00a0<b>\u00d6KO-TEX<\/b><\/li>\n<\/ul>\n<ul>\n<li>Zapinane na\u00a0<b>specjalny suwak<\/b>, kt\u00f3ry<b>\u00a0nie posiada standardowej blokady.<\/b><\/li>\n<\/ul>\n<ul>\n<li><b>Mo\u017cna pra\u0107 w pralce.\u00a0<\/b>Najlepiej w 40\u00b0C<\/li>\n<\/ul>\n<ul>\n<li><b>Bardzo wytrzyma\u0142e &#8211;\u00a0<\/b>posiadaj\u0105 odpowiednio wzmocniony szew<\/li>\n<\/ul>\n<\/div>\n<\/div>\n<div class=\"mp4t_16_s mryx_16_s mr3m_1 mli2_1 mh85_56 mh85_0_l\">\n<div class=\"mg9e_8 mj7a_8 mg9e_0_s mvrt_0_s mj7a_0_s mh36_0_s mzmg_6m munh_16_l m3h2_16_l\">\n<div class=\"mp4t_0 mryx_0 munh_56 m3h2_56\">\n<div class=\"mp7g_oh\"><\/div>\n<\/div>\n<\/div>\n<\/div>\n<\/div>\n<div class=\"mpof_ki myre_zn myre_8v_l m389_6m_l\">\n<div class=\"mp4t_16_s mryx_16_s mr3m_1 mli2_1 mh85_56 mh85_0_l\">\n<div class=\"mgn2_16 _0d3bd_am0a-\">\n<h2>BEZPIECZNE DLA DZIECKA<\/h2>\n<p>Zadbaj o komfort swojego maluszka i wybierz bawe\u0142niane poszewki na po\u015bciel dla niemowl\u0105t.<\/p>\n<p>Poszewki na po\u015bciel dla niemowl\u0105t uszyte s\u0105 ze<b>\u00a0100% bawe\u0142ny<\/b>, kt\u00f3r\u0105 docenia si\u0119 za to, \u017ce jest\u00a0<b>przewiewna i \u015bwietnie ch\u0142onie wilgo\u0107.<\/b><\/p>\n<p>Nasze poszewki na po\u015bciel dzieci\u0119c\u0105 zapinane s\u0105 na\u00a0<b>specjalny suwak.\u00a0<\/b>W przeciwie\u0144stwie do swoich klasycznych odpowiednik\u00f3w, taki suwak\u00a0<b>nie posiada standardowej blokady.\u00a0<\/b>Dzi\u0119ki temu\u00a0<b>nie ma ryzyka, \u017ce podra\u017cni delikatn\u0105 sk\u00f3r\u0119 dziecka.<\/b><\/p>\n<\/div>\n<\/div>\n<div class=\"mp4t_16_s mryx_16_s mr3m_1 mli2_1 mh85_56 mh85_0_l\">\n<div class=\"mg9e_8 mj7a_8 mg9e_0_s mvrt_0_s mj7a_0_s mh36_0_s mzmg_6m munh_16_l m3h2_16_l\">\n<div class=\"mp4t_0 mryx_0 munh_56 m3h2_56\">\n<div class=\"mp7g_oh\"><\/div>\n<\/div>\n<\/div>\n<\/div>\n<\/div>\n<div class=\"mpof_ki myre_zn myre_8v_l m389_6m_l\">\n<div class=\"mp4t_16_s mryx_16_s mr3m_1 mli2_1 mh85_56 mh85_0_l\">\n<div class=\"mgn2_16 _0d3bd_am0a-\">\n<h2>WYSOKA JAKO\u015a\u0106<\/h2>\n<p>Po\u015bciel bawe\u0142niana Betiko wykonana jest z\u00a0<b>100% mi\u0119kkiej i delikatnej<\/b>\u00a0bawe\u0142ny, kt\u00f3ra jest przyjazna dla\u00a0<b>wra\u017cliwej sk\u00f3ry<\/b>\u00a0niemowl\u0105t, zapewniaj\u0105c im komfortowy i bezpieczny sen.<\/p>\n<p>Solidne wykonanie i wysokiej jako\u015bci materia\u0142y gwarantuj\u0105, \u017ce po\u015bciel b\u0119dzie\u00a0<b>s\u0142u\u017cy\u0142a przez d\u0142ugi czas<\/b>, wytrzymuj\u0105c codzienne u\u017cytkowanie i cz\u0119ste pranie.<\/p>\n<\/div>\n<\/div>\n<div class=\"mp4t_16_s mryx_16_s mr3m_1 mli2_1 mh85_56 mh85_0_l\">\n<div class=\"mg9e_8 mj7a_8 mg9e_0_s mvrt_0_s mj7a_0_s mh36_0_s mzmg_6m munh_16_l m3h2_16_l\">\n<div class=\"mp4t_0 mryx_0 munh_56 m3h2_56\">\n<div class=\"mp7g_oh\"><\/div>\n<\/div>\n<\/div>\n<\/div>\n<\/div>\n<div class=\"mpof_ki myre_zn myre_8v_l m389_6m_l\">\n<div class=\"mp4t_16_s mryx_16_s mr3m_1 mli2_1 mh85_56 mh85_0_l\">\n<div class=\"mgn2_16 _0d3bd_am0a-\">\n<h2>MODNY DESIGN<\/h2>\n<p>W Betiko postawili\u015bmy nie tylko na\u00a0<b>trwa\u0142o\u015b\u0107 i bezpieczne rozwi\u0105zania,<\/b>\u00a0ale i\u00a0<b>modny wz\u00f3r<\/b>, kt\u00f3ry Was zachwyci.<\/p>\n<p>Wz\u00f3r pi\u0119knie prezentuj\u0105 si\u0119 z ka\u017cdej strony, dzi\u0119ki\u00a0<b>umieszczeniu go po obu stronach,<\/b>\u00a0co pozwoli\u0142o nam osi\u0105gn\u0105\u0107 zamierzony efekt.<\/p>\n<\/div>\n<\/div>\n<div class=\"mp4t_16_s mryx_16_s mr3m_1 mli2_1 mh85_56 mh85_0_l\">\n<div class=\"mg9e_8 mj7a_8 mg9e_0_s mvrt_0_s mj7a_0_s mh36_0_s mzmg_6m munh_16_l m3h2_16_l\">\n<div class=\"mp4t_0 mryx_0 munh_56 m3h2_56\">\n<div class=\"mp7g_oh\"><\/div>\n<div>\n<div class=\"mg9e_8 mj7a_8 mryx_8 mx7m_1 mnyp_co mlkp_ag\">\n<h6 class=\"mp0t_ji m9qz_yo munh_0 m3h2_0 mp4t_0 mqu1_1j mgmw_wo mgn2_16 mgn2_17_s mryx_8\">Producent<\/h6>\n<section class=\"mryx_8\"><b>Nazwa:<\/b><br \/>\nBeata Kopa\u0144ska BETIKO<\/section>\n<section class=\"mryx_8\"><b>Kraj:<\/b><br \/>\nPolska<\/section>\n<section class=\"mryx_8\"><b>Adres:<\/b><br \/>\nGa\u0144ska 8, 14-200 I\u0142awa<\/section>\n<section class=\"mryx_8\"><b>Email:<\/b><br \/>\nbiuro@betiko.com.pl<\/section>\n<section class=\"mryx_8\"><b>Numer telefonu:<\/b><br \/>\n606350936<\/section>\n<\/div>\n<div class=\"mg9e_8 mj7a_8 mryx_8 mx7m_1 mnyp_co mlkp_ag\">\n<h6 class=\"mp0t_ji m9qz_yo munh_0 m3h2_0 mp4t_0 mqu1_1j mgmw_wo mgn2_16 mgn2_17_s mryx_8\">Osoba odpowiedzialna w UE<\/h6>\n<div class=\"mryx_8\">Osob\u0105 odpowiedzialn\u0105 jest podmiot gospodarczy z siedzib\u0105 w UE odpowiedzialny za okre\u015blone obowi\u0105zki dotycz\u0105ce zgodno\u015bci produktu.<\/div>\n<section class=\"mryx_8\"><b>Nazwa:<\/b><br \/>\nBeata Kopa\u0144ska BETIKO<\/section>\n<section class=\"mryx_8\"><b>Kraj:<\/b><br \/>\nPL<\/section>\n<section class=\"mryx_8\"><b>Adres:<\/b><br \/>\nGda\u0144ska 8, 14-200 I\u0142awa<\/section>\n<section class=\"mryx_8\"><b>Email:<\/b><br \/>\nbiuro@betiko.com.pl<\/section>\n<section class=\"mryx_8\"><b>Numer telefonu:<\/b><br \/>\n606350936<\/section>\n<\/div>\n<\/div>\n<\/div>\n<\/div>\n<\/div>\n<\/div>\n","protected":false},"excerpt":{"rendered":"<p>Czas realizacji 2 dni robocze<\/p>\n","protected":false},"featured_media":5427,"comment_status":"closed","ping_status":"closed","template":"","meta":[],"product_brand":[],"product_cat":[66],"product_tag":[81],"class_list":{"0":"post-5426","1":"product","2":"type-product","3":"status-publish","4":"has-post-thumbnail","6":"product_cat-komplety-poscieli","7":"product_tag-p006","9":"first","10":"instock","11":"taxable","12":"shipping-taxable","13":"purchasable","14":"product-type-simple"},"_links":{"self":[{"href":"https:\/\/betiko.eu\/index.php\/wp-json\/wp\/v2\/product\/5426","targetHints":{"allow":["GET"]}}],"collection":[{"href":"https:\/\/betiko.eu\/index.php\/wp-json\/wp\/v2\/product"}],"about":[{"href":"https:\/\/betiko.eu\/index.php\/wp-json\/wp\/v2\/types\/product"}],"replies":[{"embeddable":true,"href":"https:\/\/betiko.eu\/index.php\/wp-json\/wp\/v2\/comments?post=5426"}],"wp:featuredmedia":[{"embeddable":true,"href":"https:\/\/betiko.eu\/index.php\/wp-json\/wp\/v2\/media\/5427"}],"wp:attachment":[{"href":"https:\/\/betiko.eu\/index.php\/wp-json\/wp\/v2\/media?parent=5426"}],"wp:term":[{"taxonomy":"product_brand","embeddable":true,"href":"https:\/\/betiko.eu\/index.php\/wp-json\/wp\/v2\/product_brand?post=5426"},{"taxonomy":"product_cat","embeddable":true,"href":"https:\/\/betiko.eu\/index.php\/wp-json\/wp\/v2\/product_cat?post=5426"},{"taxonomy":"product_tag","embeddable":true,"href":"https:\/\/betiko.eu\/index.php\/wp-json\/wp\/v2\/product_tag?post=5426"}],"curies":[{"name":"wp","href":"https:\/\/api.w.org\/{rel}","templated":true}]}}