{"id":5255,"date":"2025-12-28T20:29:03","date_gmt":"2025-12-28T19:29:03","guid":{"rendered":"https:\/\/betiko.eu\/?page_id=5255"},"modified":"2025-12-28T20:29:04","modified_gmt":"2025-12-28T19:29:04","slug":"koszty-dostawy","status":"publish","type":"page","link":"https:\/\/betiko.eu\/index.php\/koszty-dostawy\/","title":{"rendered":"Koszty Dostawy"},"content":{"rendered":"\n<p>Koszt dostawy<\/p>\n\n\n\n<p><strong>Kurier:<\/strong><\/p>\n\n\n\n<p><strong>Przesy\u0142ka kurierska&nbsp;14.99 z\u0142 &#8211; paczka do 28kg przy przedp\u0142acie<br><br><\/strong><strong>Przesy\u0142ka pobraniowa:<\/strong><\/p>\n\n\n\n<p><strong>Przesy\u0142ka kurierska 19.99<\/strong><strong>&nbsp;z\u0142 &#8211; paczka do 28kg.<\/strong><\/p>\n\n\n\n<p><strong>Paczkomaty :<\/strong><\/p>\n\n\n\n<p><strong>Paczkomaty InPost&nbsp; 12,99&nbsp; z\u0142<br><br><br><\/strong><strong>Towar wysy\u0142amy maksymalnie w ci\u0105gu dw\u00f3ch dni roboczych.<\/strong><\/p>\n\n\n\n<p><strong>Kupuj\u0105c kilka przedmiot\u00f3w za wysy\u0142k\u0119 p\u0142acisz tylko raz.<\/strong><\/p>\n","protected":false},"excerpt":{"rendered":"<p>Koszt dostawy Kurier: Przesy\u0142ka kurierska&nbsp;14.99 z\u0142 &#8211; paczka do 28kg przy przedp\u0142acie Przesy\u0142ka pobraniowa: Przesy\u0142ka kurierska 19.99&nbsp;z\u0142 &#8211; paczka do 28kg. Paczkomaty : Paczkomaty InPost&nbsp; 12,99&nbsp; z\u0142 Towar wysy\u0142amy maksymalnie w ci\u0105gu dw\u00f3ch dni roboczych. Kupuj\u0105c kilka przedmiot\u00f3w za wysy\u0142k\u0119 p\u0142acisz tylko raz.<\/p>\n","protected":false},"author":1,"featured_media":0,"parent":0,"menu_order":0,"comment_status":"closed","ping_status":"closed","template":"","meta":{"footnotes":""},"class_list":["post-5255","page","type-page","status-publish","hentry"],"_links":{"self":[{"href":"https:\/\/betiko.eu\/index.php\/wp-json\/wp\/v2\/pages\/5255","targetHints":{"allow":["GET"]}}],"collection":[{"href":"https:\/\/betiko.eu\/index.php\/wp-json\/wp\/v2\/pages"}],"about":[{"href":"https:\/\/betiko.eu\/index.php\/wp-json\/wp\/v2\/types\/page"}],"author":[{"embeddable":true,"href":"https:\/\/betiko.eu\/index.php\/wp-json\/wp\/v2\/users\/1"}],"replies":[{"embeddable":true,"href":"https:\/\/betiko.eu\/index.php\/wp-json\/wp\/v2\/comments?post=5255"}],"version-history":[{"count":1,"href":"https:\/\/betiko.eu\/index.php\/wp-json\/wp\/v2\/pages\/5255\/revisions"}],"predecessor-version":[{"id":5256,"href":"https:\/\/betiko.eu\/index.php\/wp-json\/wp\/v2\/pages\/5255\/revisions\/5256"}],"wp:attachment":[{"href":"https:\/\/betiko.eu\/index.php\/wp-json\/wp\/v2\/media?parent=5255"}],"curies":[{"name":"wp","href":"https:\/\/api.w.org\/{rel}","templated":true}]}}