{"id":3,"date":"2025-04-22T23:29:20","date_gmt":"2025-04-22T21:29:20","guid":{"rendered":"http:\/\/bezaiwp68.you2.pl\/?page_id=3"},"modified":"2025-12-28T20:04:03","modified_gmt":"2025-12-28T19:04:03","slug":"polityka-prywatnosci","status":"publish","type":"page","link":"https:\/\/betiko.eu\/index.php\/polityka-prywatnosci\/","title":{"rendered":"Polityka prywatno\u015bci"},"content":{"rendered":"\n\n        <h2>1. Informacje og\u00f3lne<\/h2>\n        <ol>\n          <li>Niniejsza polityka dotyczy Serwisu www, funkcjonuj\u0105cego pod adresem url: <b>https:\/\/betiko.eu<\/b><\/li>\n          <li>\n            Operatorem serwisu oraz Administratorem danych osobowych jest: Betiko Beata Kopa\u0144ska Gda\u0144ska 8, 14-200 I\u0142awa \n             \n              NIP: 7441139386. REGON: 523789238 \n                      <\/li>\n\n                      <li>Adres kontaktowy poczty elektronicznej operatora: kontakt@betiko.eu<\/li>\n          \n          <li>\n            Operator jest Administratorem Twoich danych osobowych w odniesieniu do danych podanych dobrowolnie w\n            Serwisie.\n                      <\/li><li>Serwis wykorzystuje dane osobowe w nast\u0119puj\u0105cych celach:<\/li>\n       \n          <ul>\n                          <li>Prowadzenie newslettera<\/li>\n                          <li>Przygotowanie, pakowanie, wysy\u0142ka towar\u00f3w<\/li>\n                          <li>Windykacja nale\u017cno\u015bci<\/li>\n                          <li>Prowadzenie rozm\u00f3w typu chat online<\/li>\n                          <li>Obs\u0142uga zapyta\u0144 przez formularz<\/li>\n                          <li>Realizacja zam\u00f3wionych us\u0142ug<\/li>\n                          <li>Prezentacja oferty lub informacji<\/li>\n                      <\/ul>\n                       <li>\n            Serwis realizuje funkcje pozyskiwania informacji o u\u017cytkownikach i ich zachowaniu w nast\u0119puj\u0105cy spos\u00f3b:\n            <ol>\n              <li>\n                Poprzez dobrowolnie wprowadzone w formularzach dane, kt\u00f3re zostaj\u0105 wprowadzone do system\u00f3w Operatora.\n              <\/li>\n              <li>Poprzez zapisywanie w urz\u0105dzeniach ko\u0144cowych plik\u00f3w cookie (tzw. \u201eciasteczka&#8221;).<\/li>\n            <\/ol>\n          <\/li>\n        <\/ol>\n        <h2>2. Wybrane metody ochrony danych stosowane przez Operatora<\/h2>\n        <ol>\n                    <li>Miejsca logowania i wprowadzania danych osobowych s\u0105 chronione w warstwie\ntransmisji (certyfikat SSL). Dzi\u0119ki temu dane osobowe i dane logowania, wprowadzone na stronie, zostaj\u0105 zaszyfrowane w\nkomputerze u\u017cytkownika i mog\u0105 by\u0107 odczytane jedynie na docelowym serwerze.<\/li>\n           \n\n           \n\n                    <li>Has\u0142a u\u017cytkownik\u00f3w s\u0105 przechowywane w postaci\nhashowanej. Funkcja hashuj\u0105ca dzia\u0142a jednokierunkowo &#8211; nie jest mo\u017cliwe odwr\u00f3cenie jej dzia\u0142ania, co stanowi obecnie\nwsp\u00f3\u0142czesny standard w zakresie przechowywania hase\u0142 u\u017cytkownik\u00f3w.<\/li>\n           \n\n                    <li>Operator okresowo zmienia swoje has\u0142a\nadministracyjne.<\/li>\n           \n\n                    <li>W celu minimalizacji ryzyka nieuprawnionego dost\u0119pu od danych, Operator\nstosuje has\u0142a z\u0142o\u017cone, zawieraj\u0105ce ma\u0142e i wielkie litery, cyfry oraz znaki specjalne, nie kr\u00f3tsze ni\u017c 8 znak\u00f3w.<\/li>\n           \n\n           \n\n                    <li>Istotnym elementem ochrony danych jest regularna aktualizacja wszelkiego oprogramowania, wykorzystywanego\nprzez Operatora do przetwarzania danych osobowych, co w szczeg\u00f3lno\u015bci oznacza regularne aktualizacje komponent\u00f3w\nprogramistycznych.<\/li>\n           \n\n                    <li>W celu ochrony danych Operator regularnie wykonuje kopie bezpiecze\u0144stwa.<\/li>\n                  <\/ol>\n        <h2>3. Hosting<\/h2>\n        <ol>\n          \n          <li>Serwis jest hostowany (technicznie utrzymywany) na serwerze operatora: dhosting.pl<\/li>\n          \n           \n          \n          \n          <li>\n            Firma hostingowa w celu zapewnienia niezawodno\u015bci technicznej prowadzi logi na poziomie serwera. Zapisowi\n            mog\u0105 podlega\u0107:\n            <ul>\n              <li>zasoby okre\u015blone identyfikatorem URL (adresy \u017c\u0105danych zasob\u00f3w \u2013 stron, plik\u00f3w),<\/li>\n              <li>czas nadej\u015bcia zapytania,<\/li>\n              <li>czas wys\u0142ania odpowiedzi,<\/li>\n              <li>nazw\u0119 stacji klienta \u2013 identyfikacja realizowana przez protok\u00f3\u0142 HTTP,<\/li>\n              <li>informacje o b\u0142\u0119dach jakie nast\u0105pi\u0142y przy realizacji transakcji HTTP,<\/li>\n              <li>\n                adres URL strony poprzednio odwiedzanej przez u\u017cytkownika (referer link) \u2013 w przypadku gdy przej\u015bcie do\n                Serwisu nast\u0105pi\u0142o przez odno\u015bnik,\n              <\/li>\n              <li>informacje o przegl\u0105darce u\u017cytkownika,<\/li>\n              <li>informacje o adresie IP,<\/li>\n              <li>\n                informacje diagnostyczne zwi\u0105zane z procesem samodzielnego zamawiania us\u0142ug poprzez rejestratory na\n                stronie,\n              <\/li>\n              <li>\n                informacje zwi\u0105zane z obs\u0142ug\u0105 poczty elektronicznej kierowanej do Operatora oraz wysy\u0142anej przez\n                Operatora.\n              <\/li>\n            <\/ul>\n          <\/li>\n        <\/ol>\n        <h2>4. Twoje prawa i dodatkowe informacje o sposobie wykorzystania danych<\/h2>\n        <ol>\n           \n          \n                    <li>\n            W niekt\u00f3rych sytuacjach Administrator ma prawo przekazywa\u0107 Twoje dane osobowe innym odbiorcom, je\u015bli b\u0119dzie\n            to niezb\u0119dne do wykonania zawartej z Tob\u0105 umowy lub do zrealizowania obowi\u0105zk\u00f3w ci\u0105\u017c\u0105cych na\n            Administratorze. Dotyczy to takich grup odbiorc\u00f3w:\n            <ul>\n                              <li>firma hostingowa na zasadzie powierzenia<\/li>\n                              <li>operatorzy pocztowi<\/li>\n                              <li>kancelarie prawne i windykatorzy<\/li>\n                              <li>operatorzy p\u0142atno\u015bci<\/li>\n                              <li>upowa\u017cnieni pracownicy i wsp\u00f3\u0142pracownicy, kt\u00f3rzy korzystaj\u0105 z danych w celu realizacji celu dzia\u0142ania strony<\/li>\n                              <li>kurierzy<\/li>\n                              <li>ubezpieczyciele<\/li>\n                              <li>banki<\/li>\n                              <li>organy publiczne<\/li>\n                              <li>operatorzy rozwi\u0105zania typu chat online<\/li>\n                              <li>firmy, \u015bwiadcz\u0105ce us\u0142ugi marketingu na rzecz Administratora<\/li>\n                          <\/ul>\n          <\/li>\n          \n          <li>\n            Twoje dane osobowe przetwarzane przez Administratora nie d\u0142u\u017cej, ni\u017c jest to konieczne do wykonania\n            zwi\u0105zanych z nimi czynno\u015bci okre\u015blonych osobnymi przepisami (np. o prowadzeniu rachunkowo\u015bci). W odniesieniu\n            do danych marketingowych dane nie b\u0119d\u0105 przetwarzane d\u0142u\u017cej ni\u017c przez 3 lata.\n          <\/li>\n          <li>\n            Przys\u0142uguje Ci prawo \u017c\u0105dania od Administratora:\n            <ul>\n              <li>dost\u0119pu do danych osobowych Ciebie dotycz\u0105cych,<\/li>\n              <li>ich sprostowania,<\/li>\n              <li>usuni\u0119cia,<\/li>\n              <li>ograniczenia przetwarzania,<\/li>\n              <li>oraz przenoszenia danych.<\/li>\n            <\/ul>\n          <\/li>\n          <li>\n            Przys\u0142uguje Ci prawo do z\u0142o\u017cenia sprzeciwu w zakresie przetwarzania wskazanego w pkt 3.3 c) wobec\n            przetwarzania danych osobowych w celu wykonania prawnie uzasadnionych interes\u00f3w realizowanych przez\n            Administratora, w tym profilowania, przy czym prawo sprzeciwu nie b\u0119dzie mog\u0142o by\u0107 wykonane w przypadku\n            istnienia wa\u017cnych prawnie uzasadnionych podstaw do przetwarzania, nadrz\u0119dnych wobec Ciebie interes\u00f3w, praw i\n            wolno\u015bci, w szczeg\u00f3lno\u015bci ustalenia, dochodzenia lub obrony roszcze\u0144.\n          <\/li>\n          <li>\n            Na dzia\u0142ania Administratora przys\u0142uguje skarga do Prezesa Urz\u0119du Ochrony Danych Osobowych, ul. Stawki 2,\n            00-193 Warszawa.\n          <\/li>\n          <li>Podanie danych osobowych jest dobrowolne, lecz niezb\u0119dne do obs\u0142ugi Serwisu.<\/li>\n          <li>\n            W stosunku do Ciebie mog\u0105 by\u0107 podejmowane czynno\u015bci polegaj\u0105ce na zautomatyzowanym podejmowaniu decyzji, w\n            tym profilowaniu w celu \u015bwiadczenia us\u0142ug w ramach zawartej umowy oraz w celu prowadzenia przez\n            Administratora marketingu bezpo\u015bredniego.\n          <\/li>\n\n                    <li>\n            Dane osobowe s\u0105 przekazywane od kraj\u00f3w trzecich w rozumieniu przepis\u00f3w o ochronie danych osobowych. Oznacza\n            to, \u017ce przesy\u0142amy je poza teren Unii Europejskiej.\n          <\/li>\n\n                  <\/ol>\n        <h2>5. Informacje w formularzach<\/h2>\n        <ol>\n          <li>\n            Serwis zbiera informacje podane dobrowolnie przez u\u017cytkownika, w tym dane osobowe, o ile zostan\u0105 one podane.\n          <\/li>\n          <li>Serwis mo\u017ce zapisa\u0107 informacje o parametrach po\u0142\u0105czenia (oznaczenie czasu, adres IP).<\/li>\n          <li>\n            Serwis, w niekt\u00f3rych wypadkach, mo\u017ce zapisa\u0107 informacj\u0119 u\u0142atwiaj\u0105c\u0105 powi\u0105zanie danych w formularzu z adresem\n            e-mail u\u017cytkownika wype\u0142niaj\u0105cego formularz. W takim wypadku adres e-mail u\u017cytkownika pojawia si\u0119 wewn\u0105trz\n            adresu url strony zawieraj\u0105cej formularz.\n          <\/li>\n          <li>\n            Dane podane w formularzu s\u0105 przetwarzane w celu wynikaj\u0105cym z funkcji konkretnego formularza, np. w celu\n            dokonania procesu obs\u0142ugi zg\u0142oszenia serwisowego lub kontaktu handlowego, rejestracji us\u0142ug itp. Ka\u017cdorazowo\n            kontekst i opis formularza w czytelny spos\u00f3b informuje, do czego on s\u0142u\u017cy.\n          <\/li>\n        <\/ol>\n        <h2>6. Logi Administratora<\/h2>\n        <ol>\n          <li>\n            Informacje zachowaniu u\u017cytkownik\u00f3w w serwisie mog\u0105 podlega\u0107 logowaniu. Dane te s\u0105 wykorzystywane w celu\n            administrowania serwisem.\n          <\/li>\n        <\/ol>\n        <h2>7. Istotne techniki marketingowe<\/h2>\n        <ol>\n                    <li>Operator stosuje analiz\u0119\nstatystyczn\u0105 ruchu na stronie, poprzez Google Analytics (Google Inc. z siedzib\u0105 w USA). Operator nie przekazuje do\noperatora tej us\u0142ugi danych osobowych, a jedynie zanonimizowane informacje. Us\u0142uga bazuje na wykorzystaniu ciasteczek w\nurz\u0105dzeniu ko\u0144cowym u\u017cytkownika. W zakresie informacji o preferencjach u\u017cytkownika gromadzonych przez sie\u0107 reklamow\u0105\nGoogle u\u017cytkownik mo\u017ce przegl\u0105da\u0107 i edytowa\u0107 informacje wynikaj\u0105ce z plik\u00f3w cookies przy pomocy narz\u0119dzia:\nhttps:\/\/www.google.com\/ads\/preferences\/<\/li>\n           \n\n                    <li>Operator stosuje korzysta z piksela Facebooka. Ta technologia\npowoduje, \u017ce serwis Facebook (Facebook Inc. z siedzib\u0105 w USA) wie, \u017ce dana osoba w nim zarejestrowana korzysta z\nSerwisu. Bazuje w tym wypadku na danych, wobec kt\u00f3rych sam jest administratorem, Operator nie przekazuje od siebie\n\u017cadnych dodatkowych danych osobowych serwisowi Facebook. Us\u0142uga bazuje na wykorzystaniu ciasteczek w urz\u0105dzeniu ko\u0144cowym\nu\u017cytkownika.<\/li>\n           \n\n                    <li>Operator stosuje techniki remarketingowe, pozwalaj\u0105ce na dopasowanie przekaz\u00f3w\nreklamowych do zachowania u\u017cytkownika na stronie, co mo\u017ce dawa\u0107 z\u0142udzenie, \u017ce dane osobowe u\u017cytkownika s\u0105 wykorzystywane\ndo jego \u015bledzenia, jednak w praktyce nie dochodzi do przekazania \u017cadnych danych osobowych od Operatora do operatorom\nreklam. Technologicznym warunkiem takich dzia\u0142a\u0144 jest w\u0142\u0105czona obs\u0142uga plik\u00f3w cookie.<\/li>\n           \n\n                    <li>Operator stosuje\nrozwi\u0105zanie badaj\u0105ce zachowanie u\u017cytkownik\u00f3w poprzez tworzenie map ciep\u0142a oraz nagrywanie zachowania na stronie. Te\ninformacje s\u0105 anonimizowane zanim zostan\u0105 przes\u0142ane do operatora us\u0142ugi tak, \u017ce nie wie on jakiej osoby fizycznej one\ndotycz\u0105. W szczeg\u00f3lno\u015bci nagrywaniu nie podlegaj\u0105 wpisywane has\u0142a oraz inne dane osobowe.<\/li>\n          \n                    <li>Operator stosuje rozwi\u0105zanie automatyzuj\u0105ce dzia\u0142anie Serwisu w odniesieniu do u\u017cytkownik\u00f3w, np. mog\u0105ce przes\u0142a\u0107 maila\ndo u\u017cytkownika po odwiedzeniu konkretnej podstrony, o ile wyrazi\u0142 on zgod\u0119 na otrzymywanie korespondencji handlowej od\nOperatora.<\/li>\n           \n          \n                    <li>Operator mo\u017ce\nstosowa\u0107 profilowanie w rozumieniu przepis\u00f3w o ochronie danych osobowych<\/li>\n                  <\/ol>\n        <h2>8. Informacja o plikach cookies<\/h2>\n        <ol>\n          <li>Serwis korzysta z plik\u00f3w cookies.<\/li>\n          <li>\n            Pliki cookies (tzw. \u201eciasteczka&#8221;) stanowi\u0105 dane informatyczne, w szczeg\u00f3lno\u015bci pliki tekstowe, kt\u00f3re\n            przechowywane s\u0105 w urz\u0105dzeniu ko\u0144cowym U\u017cytkownika Serwisu i przeznaczone s\u0105 do korzystania ze stron\n            internetowych Serwisu. Cookies zazwyczaj zawieraj\u0105 nazw\u0119 strony internetowej, z kt\u00f3rej pochodz\u0105, czas\n            przechowywania ich na urz\u0105dzeniu ko\u0144cowym oraz unikalny numer.\n          <\/li>\n          <li>\n            Podmiotem zamieszczaj\u0105cym na urz\u0105dzeniu ko\u0144cowym U\u017cytkownika Serwisu pliki cookies oraz uzyskuj\u0105cym do nich\n            dost\u0119p jest operator Serwisu.\n          <\/li>\n          <li>\n            Pliki cookies wykorzystywane s\u0105 w nast\u0119puj\u0105cych celach:\n            <ol>\n              <li>\n                utrzymanie sesji u\u017cytkownika Serwisu (po zalogowaniu), dzi\u0119ki kt\u00f3rej u\u017cytkownik nie musi na ka\u017cdej\n                podstronie Serwisu ponownie wpisywa\u0107 loginu i has\u0142a;\n              <\/li>\n              <li>realizacji cel\u00f3w okre\u015blonych powy\u017cej w cz\u0119\u015bci &#8222;Istotne techniki marketingowe&#8221;;<\/li>\n            <\/ol>\n          <\/li>\n          <li>\n            W ramach Serwisu stosowane s\u0105 dwa zasadnicze rodzaje plik\u00f3w cookies: \u201esesyjne&#8221; (session cookies) oraz\n            \u201esta\u0142e&#8221; (persistent cookies). Cookies \u201esesyjne&#8221; s\u0105 plikami tymczasowymi, kt\u00f3re przechowywane s\u0105 w urz\u0105dzeniu\n            ko\u0144cowym U\u017cytkownika do czasu wylogowania, opuszczenia strony internetowej lub wy\u0142\u0105czenia oprogramowania\n            (przegl\u0105darki internetowej). \u201eSta\u0142e&#8221; pliki cookies przechowywane s\u0105 w urz\u0105dzeniu ko\u0144cowym U\u017cytkownika przez\n            czas okre\u015blony w parametrach plik\u00f3w cookies lub do czasu ich usuni\u0119cia przez U\u017cytkownika.\n          <\/li>\n          <li>\n            Oprogramowanie do przegl\u0105dania stron internetowych (przegl\u0105darka internetowa) zazwyczaj domy\u015blnie dopuszcza\n            przechowywanie plik\u00f3w cookies w urz\u0105dzeniu ko\u0144cowym U\u017cytkownika. U\u017cytkownicy Serwisu mog\u0105 dokona\u0107 zmiany\n            ustawie\u0144 w tym zakresie. Przegl\u0105darka internetowa umo\u017cliwia usuni\u0119cie plik\u00f3w cookies. Mo\u017cliwe jest tak\u017ce\n            automatyczne blokowanie plik\u00f3w cookies Szczeg\u00f3\u0142owe informacje na ten temat zawiera pomoc lub dokumentacja\n            przegl\u0105darki internetowej.\n          <\/li>\n          <li>\n            Ograniczenia stosowania plik\u00f3w cookies mog\u0105 wp\u0142yn\u0105\u0107 na niekt\u00f3re funkcjonalno\u015bci dost\u0119pne na stronach\n            internetowych Serwisu.\n          <\/li>\n          <li>\n            Pliki cookies zamieszczane w urz\u0105dzeniu ko\u0144cowym U\u017cytkownika Serwisu wykorzystywane mog\u0105 by\u0107 r\u00f3wnie\u017c przez\n            wsp\u00f3\u0142pracuj\u0105ce z operatorem Serwisu podmioty, w szczeg\u00f3lno\u015bci dotyczy to firm: Google (Google Inc. z\n            siedzib\u0105 w USA), Facebook (Facebook Inc. z siedzib\u0105 w USA), Twitter (Twitter Inc. z siedzib\u0105 w USA).\n          <\/li>\n        <\/ol>\n        <h2>9. Zarz\u0105dzanie plikami cookies \u2013 jak w praktyce wyra\u017ca\u0107 i cofa\u0107 zgod\u0119?<\/h2>\n        <ol>\n          <li>\n            Je\u015bli u\u017cytkownik nie chce otrzymywa\u0107 plik\u00f3w cookies, mo\u017ce zmieni\u0107 ustawienia przegl\u0105darki. Zastrzegamy, \u017ce\n            wy\u0142\u0105czenie obs\u0142ugi plik\u00f3w cookies niezb\u0119dnych dla proces\u00f3w uwierzytelniania, bezpiecze\u0144stwa, utrzymania\n            preferencji u\u017cytkownika mo\u017ce utrudni\u0107, a w skrajnych przypadkach mo\u017ce uniemo\u017cliwi\u0107 korzystanie ze stron www\n          <\/li>\n          <li>\n            W celu zarz\u0105dzania ustawienia cookies wybierz z listy poni\u017cej przegl\u0105dark\u0119 internetow\u0105, kt\u00f3rej u\u017cywasz i\n            post\u0119puj zgodnie z instrukcjami:\n            <ul>\n              <li>\n                <a href=\"https:\/\/support.microsoft.com\/pl-pl\/help\/10607\/microsoft-edge-view-delete-browser-history\">Edge<\/a>\n              <\/li>\n              <li>\n                <a href=\"https:\/\/support.microsoft.com\/pl-pl\/help\/278835\/how-to-delete-cookie-files-in-internet-explorer\">Internet Explorer<\/a>\n              <\/li>\n              <li><a href=\"http:\/\/support.google.com\/chrome\/bin\/answer.py?hl=pl&amp;answer=95647\">Chrome<\/a><\/li>\n              <li><a href=\"http:\/\/support.apple.com\/kb\/PH5042\">Safari<\/a><\/li>\n              <li>\n                <a href=\"http:\/\/support.mozilla.org\/pl\/kb\/W%C5%82%C4%85czanie%20i%20wy%C5%82%C4%85czanie%20obs%C5%82ugi%20ciasteczek\">Firefox<\/a>\n              <\/li>\n              <li><a href=\"http:\/\/help.opera.com\/Windows\/12.10\/pl\/cookies.html\">Opera<\/a><\/li>\n            <\/ul>\n            <p>Urz\u0105dzenia mobilne:<\/p>\n            <ul>\n              <li><a href=\"http:\/\/support.google.com\/chrome\/bin\/answer.py?hl=pl&amp;answer=95647\">Android<\/a><\/li>\n              <li><a href=\"http:\/\/support.apple.com\/kb\/HT1677?viewlocale=pl_PL\">Safari (iOS)<\/a><\/li>\n              <li>\n                <a href=\"http:\/\/www.windowsphone.com\/pl-pl\/how-to\/wp7\/web\/changing-privacy-and-other-browser-settings\">Windows Phone<\/a>\n              <\/li>\n            <\/ul>\n          <\/li>\n        <\/ol>\n        <div>\n      \n        <\/div>\n      \n\n\n\n<p><\/p>\n","protected":false},"excerpt":{"rendered":"<p>1. Informacje og\u00f3lne Niniejsza polityka dotyczy Serwisu www, funkcjonuj\u0105cego pod adresem url: https:\/\/betiko.eu Operatorem serwisu oraz Administratorem danych osobowych jest: Betiko Beata Kopa\u0144ska Gda\u0144ska 8, 14-200 I\u0142awa NIP: 7441139386. REGON: 523789238 Adres kontaktowy poczty elektronicznej operatora: kontakt@betiko.eu Operator jest Administratorem Twoich danych osobowych w odniesieniu do danych podanych dobrowolnie w Serwisie. Serwis wykorzystuje dane osobowe [&hellip;]<\/p>\n","protected":false},"author":1,"featured_media":0,"parent":0,"menu_order":0,"comment_status":"closed","ping_status":"open","template":"","meta":{"footnotes":""},"class_list":["post-3","page","type-page","status-publish","hentry"],"_links":{"self":[{"href":"https:\/\/betiko.eu\/index.php\/wp-json\/wp\/v2\/pages\/3","targetHints":{"allow":["GET"]}}],"collection":[{"href":"https:\/\/betiko.eu\/index.php\/wp-json\/wp\/v2\/pages"}],"about":[{"href":"https:\/\/betiko.eu\/index.php\/wp-json\/wp\/v2\/types\/page"}],"author":[{"embeddable":true,"href":"https:\/\/betiko.eu\/index.php\/wp-json\/wp\/v2\/users\/1"}],"replies":[{"embeddable":true,"href":"https:\/\/betiko.eu\/index.php\/wp-json\/wp\/v2\/comments?post=3"}],"version-history":[{"count":1,"href":"https:\/\/betiko.eu\/index.php\/wp-json\/wp\/v2\/pages\/3\/revisions"}],"predecessor-version":[{"id":5247,"href":"https:\/\/betiko.eu\/index.php\/wp-json\/wp\/v2\/pages\/3\/revisions\/5247"}],"wp:attachment":[{"href":"https:\/\/betiko.eu\/index.php\/wp-json\/wp\/v2\/media?parent=3"}],"curies":[{"name":"wp","href":"https:\/\/api.w.org\/{rel}","templated":true}]}}