{"id":12,"date":"2025-12-16T09:58:42","date_gmt":"2025-12-16T08:58:42","guid":{"rendered":"http:\/\/betiko.eu\/index.php\/cart\/"},"modified":"2026-02-15T13:59:27","modified_gmt":"2026-02-15T12:59:27","slug":"koszyk","status":"publish","type":"page","link":"https:\/\/betiko.eu\/index.php\/koszyk\/","title":{"rendered":"Koszyk"},"content":{"rendered":"\n<div data-block-name=\"woocommerce\/cart\" class=\"wp-block-woocommerce-cart alignwide is-loading\">\n<div data-block-name=\"woocommerce\/filled-cart-block\" class=\"wp-block-woocommerce-filled-cart-block\">\n<div data-block-name=\"woocommerce\/cart-items-block\" class=\"wp-block-woocommerce-cart-items-block\">\n<div data-block-name=\"woocommerce\/cart-line-items-block\" class=\"wp-block-woocommerce-cart-line-items-block\"><\/div>\n\n\n<\/div>\n\n\n\n\n<div data-block-name=\"woocommerce\/cart-totals-block\" class=\"wp-block-woocommerce-cart-totals-block\">\n<div data-block-name=\"woocommerce\/cart-order-summary-block\" class=\"wp-block-woocommerce-cart-order-summary-block\">\n<div data-block-name=\"woocommerce\/cart-order-summary-heading-block\" class=\"wp-block-woocommerce-cart-order-summary-heading-block\"><\/div><div data-block-name=\"woocommerce\/cart-order-summary-coupon-form-block\" class=\"wp-block-woocommerce-cart-order-summary-coupon-form-block\"><\/div><div data-block-name=\"woocommerce\/cart-order-summary-totals-block\" class=\"wp-block-woocommerce-cart-order-summary-totals-block\">\n<div data-block-name=\"woocommerce\/cart-order-summary-subtotal-block\" class=\"wp-block-woocommerce-cart-order-summary-subtotal-block\"><\/div>\n<div data-block-name=\"woocommerce\/cart-order-summary-discount-block\" class=\"wp-block-woocommerce-cart-order-summary-discount-block\"><\/div>\n<div data-block-name=\"woocommerce\/cart-order-summary-fee-block\" class=\"wp-block-woocommerce-cart-order-summary-fee-block\"><\/div>\n<div data-block-name=\"woocommerce\/cart-order-summary-shipping-block\" class=\"wp-block-woocommerce-cart-order-summary-shipping-block\"><\/div>\n<div data-block-name=\"woocommerce\/cart-order-summary-taxes-block\" class=\"wp-block-woocommerce-cart-order-summary-taxes-block\"><\/div><\/div>\n<\/div>\n\n\n\n<div data-block-name=\"woocommerce\/cart-express-payment-block\" class=\"wp-block-woocommerce-cart-express-payment-block\"><\/div>\n\n\n\n<div data-block-name=\"woocommerce\/proceed-to-checkout-block\" class=\"wp-block-woocommerce-proceed-to-checkout-block\"><\/div>\n\n\n\n<div data-block-name=\"woocommerce\/cart-accepted-payment-methods-block\" class=\"wp-block-woocommerce-cart-accepted-payment-methods-block\"><\/div>\n<\/div>\n<\/div>\n\n\n\n<div data-block-name=\"woocommerce\/empty-cart-block\" class=\"wp-block-woocommerce-empty-cart-block\">\n<h2 class=\"wp-block-heading has-text-align-center with-empty-cart-icon wc-block-cart__empty-cart__title\">Your cart is currently empty!<\/h2>\n\n\n\n<hr class=\"wp-block-separator has-alpha-channel-opacity is-style-dots\"\/>\n\n\n\n<h2 class=\"wp-block-heading has-text-align-center\">New in store<\/h2>\n\n\n<div data-block-name=\"woocommerce\/product-new\" data-columns=\"4\" data-rows=\"1\" class=\"wc-block-grid wp-block-product-new wp-block-woocommerce-product-new wc-block-product-new has-4-columns\"><ul class=\"wc-block-grid__products\"><li class=\"wc-block-grid__product\"><span class=\"gtm4wp_productdata\" style=\"display:none; visibility:hidden;\" data-gtm4wp_product_data=\"{&quot;internal_id&quot;:5507,&quot;item_id&quot;:&quot;WPK120&quot;,&quot;item_name&quot;:&quot;Komplet do \\u0141\\u00f3\\u017ceczka Ko\\u0142derka i Poduszka Dzieci\\u0119ca dla Niemowl\\u0105t 120x90 cm&quot;,&quot;sku&quot;:&quot;WPK120&quot;,&quot;price&quot;:40,&quot;stocklevel&quot;:99,&quot;stockstatus&quot;:&quot;instock&quot;,&quot;google_business_vertical&quot;:&quot;retail&quot;,&quot;item_category&quot;:&quot;Ko\\u0142dry i poduszki&quot;,&quot;id&quot;:&quot;WPK120&quot;,&quot;item_brand&quot;:&quot;&quot;,&quot;productlink&quot;:&quot;https:\\\/\\\/betiko.eu\\\/index.php\\\/product\\\/komplet-do-lozeczka-kolderka-i-poduszka-dziecieca-dla-niemowlat-120x90-cm\\\/&quot;,&quot;item_list_name&quot;:&quot;General Product List&quot;,&quot;index&quot;:0,&quot;product_type&quot;:&quot;simple&quot;}\"><\/span>\n\t\t\t\t<a href=\"https:\/\/betiko.eu\/index.php\/product\/komplet-do-lozeczka-kolderka-i-poduszka-dziecieca-dla-niemowlat-120x90-cm\/\" class=\"wc-block-grid__product-link\">\n\t\t\t\t\t\n\t\t\t\t\t<div class=\"wc-block-grid__product-image\"><img fetchpriority=\"high\" decoding=\"async\" width=\"300\" height=\"300\" src=\"https:\/\/betiko.eu\/wp-content\/uploads\/2026\/03\/Koldra-Cala-Poduszka-300x300.avif\" class=\"attachment-woocommerce_thumbnail size-woocommerce_thumbnail not-transparent\" alt=\"Komplet do \u0141\u00f3\u017ceczka Ko\u0142derka i Poduszka Dzieci\u0119ca dla Niemowl\u0105t 120x90 cm\" srcset=\"https:\/\/betiko.eu\/wp-content\/uploads\/2026\/03\/Koldra-Cala-Poduszka-300x300.avif 300w, https:\/\/betiko.eu\/wp-content\/uploads\/2026\/03\/Koldra-Cala-Poduszka-150x150.avif 150w, https:\/\/betiko.eu\/wp-content\/uploads\/2026\/03\/Koldra-Cala-Poduszka-650x650.avif 650w, https:\/\/betiko.eu\/wp-content\/uploads\/2026\/03\/Koldra-Cala-Poduszka-1300x1300.avif 1300w, https:\/\/betiko.eu\/wp-content\/uploads\/2026\/03\/Koldra-Cala-Poduszka-100x100.avif 100w\" sizes=\"(max-width: 300px) 100vw, 300px\" data-has-transparency=\"false\" data-dominant-color=\"dce3ed\" style=\"--dominant-color: #dce3ed;\" \/><\/div>\n\t\t\t\t\t<div class=\"wc-block-grid__product-title\">Komplet do \u0141\u00f3\u017ceczka Ko\u0142derka i Poduszka Dzieci\u0119ca dla Niemowl\u0105t 120&#215;90 cm<\/div>\n\t\t\t\t<\/a>\n\t\t\t\t<div class=\"wc-block-grid__product-price price\"><span class=\"woocommerce-Price-amount amount\">40,00&nbsp;<span class=\"woocommerce-Price-currencySymbol\">&#122;&#322;<\/span><\/span><\/div>\n\t\t\t\t\n\t\t\t\t<div class=\"wp-block-button wc-block-grid__product-add-to-cart\"><a href=\"\/index.php\/wp-json\/wp\/v2\/pages\/12?add-to-cart=5507\" aria-label=\"Dodaj do koszyka: &bdquo;Komplet do \u0141\u00f3\u017ceczka Ko\u0142derka i Poduszka Dzieci\u0119ca dla Niemowl\u0105t 120x90 cm&rdquo;\" data-quantity=\"1\" data-product_id=\"5507\" data-product_sku=\"WPK120\" data-price=\"40\" rel=\"nofollow\" class=\"wp-block-button__link  add_to_cart_button ajax_add_to_cart\">Dodaj do koszyka<\/a><\/div>\n\t\t\t<\/li><li class=\"wc-block-grid__product\"><span class=\"gtm4wp_productdata\" style=\"display:none; visibility:hidden;\" data-gtm4wp_product_data=\"{&quot;internal_id&quot;:5501,&quot;item_id&quot;:&quot;WPK135&quot;,&quot;item_name&quot;:&quot;Komplet do \\u0141\\u00f3\\u017ceczka Ko\\u0142derka i Poduszka Dzieci\\u0119ca dla Niemowl\\u0105t 135x100 cm&quot;,&quot;sku&quot;:&quot;WPK135&quot;,&quot;price&quot;:42,&quot;stocklevel&quot;:99,&quot;stockstatus&quot;:&quot;instock&quot;,&quot;google_business_vertical&quot;:&quot;retail&quot;,&quot;item_category&quot;:&quot;Ko\\u0142dry i poduszki&quot;,&quot;id&quot;:&quot;WPK135&quot;,&quot;item_brand&quot;:&quot;&quot;,&quot;productlink&quot;:&quot;https:\\\/\\\/betiko.eu\\\/index.php\\\/product\\\/komplet-do-lozeczka-kolderka-i-poduszka-dziecieca-dla-niemowlat-135x100-cm\\\/&quot;,&quot;item_list_name&quot;:&quot;General Product List&quot;,&quot;index&quot;:0,&quot;product_type&quot;:&quot;simple&quot;}\"><\/span>\n\t\t\t\t<a href=\"https:\/\/betiko.eu\/index.php\/product\/komplet-do-lozeczka-kolderka-i-poduszka-dziecieca-dla-niemowlat-135x100-cm\/\" class=\"wc-block-grid__product-link\">\n\t\t\t\t\t\n\t\t\t\t\t<div class=\"wc-block-grid__product-image\"><img decoding=\"async\" width=\"300\" height=\"300\" src=\"https:\/\/betiko.eu\/wp-content\/uploads\/2026\/03\/Koldra-Cala-Poduszka-300x300.avif\" class=\"attachment-woocommerce_thumbnail size-woocommerce_thumbnail not-transparent\" alt=\"Komplet do \u0141\u00f3\u017ceczka Ko\u0142derka i Poduszka Dzieci\u0119ca dla Niemowl\u0105t 135x100 cm\" srcset=\"https:\/\/betiko.eu\/wp-content\/uploads\/2026\/03\/Koldra-Cala-Poduszka-300x300.avif 300w, https:\/\/betiko.eu\/wp-content\/uploads\/2026\/03\/Koldra-Cala-Poduszka-150x150.avif 150w, https:\/\/betiko.eu\/wp-content\/uploads\/2026\/03\/Koldra-Cala-Poduszka-650x650.avif 650w, https:\/\/betiko.eu\/wp-content\/uploads\/2026\/03\/Koldra-Cala-Poduszka-1300x1300.avif 1300w, https:\/\/betiko.eu\/wp-content\/uploads\/2026\/03\/Koldra-Cala-Poduszka-100x100.avif 100w\" sizes=\"(max-width: 300px) 100vw, 300px\" data-has-transparency=\"false\" data-dominant-color=\"dce3ed\" style=\"--dominant-color: #dce3ed;\" \/><\/div>\n\t\t\t\t\t<div class=\"wc-block-grid__product-title\">Komplet do \u0141\u00f3\u017ceczka Ko\u0142derka i Poduszka Dzieci\u0119ca dla Niemowl\u0105t 135&#215;100 cm<\/div>\n\t\t\t\t<\/a>\n\t\t\t\t<div class=\"wc-block-grid__product-price price\"><span class=\"woocommerce-Price-amount amount\">42,00&nbsp;<span class=\"woocommerce-Price-currencySymbol\">&#122;&#322;<\/span><\/span><\/div>\n\t\t\t\t\n\t\t\t\t<div class=\"wp-block-button wc-block-grid__product-add-to-cart\"><a href=\"\/index.php\/wp-json\/wp\/v2\/pages\/12?add-to-cart=5501\" aria-label=\"Dodaj do koszyka: &bdquo;Komplet do \u0141\u00f3\u017ceczka Ko\u0142derka i Poduszka Dzieci\u0119ca dla Niemowl\u0105t 135x100 cm&rdquo;\" data-quantity=\"1\" data-product_id=\"5501\" data-product_sku=\"WPK135\" data-price=\"42\" rel=\"nofollow\" class=\"wp-block-button__link  add_to_cart_button ajax_add_to_cart\">Dodaj do koszyka<\/a><\/div>\n\t\t\t<\/li><li class=\"wc-block-grid__product\"><span class=\"gtm4wp_productdata\" style=\"display:none; visibility:hidden;\" data-gtm4wp_product_data=\"{&quot;internal_id&quot;:5496,&quot;item_id&quot;:&quot;PRZ002&quot;,&quot;item_name&quot;:&quot;Prze\\u015bcierad\\u0142o z Gumk\\u0105 do \\u0141\\u00f3\\u017ceczka 100% Bawe\\u0142na R\\u00f3\\u017cowe 120x60 cm&quot;,&quot;sku&quot;:&quot;PRZ002&quot;,&quot;price&quot;:25,&quot;stocklevel&quot;:99,&quot;stockstatus&quot;:&quot;instock&quot;,&quot;google_business_vertical&quot;:&quot;retail&quot;,&quot;item_category&quot;:&quot;Prze\\u015bcierad\\u0142a i ochraniacze materaca&quot;,&quot;id&quot;:&quot;PRZ002&quot;,&quot;item_brand&quot;:&quot;&quot;,&quot;productlink&quot;:&quot;https:\\\/\\\/betiko.eu\\\/index.php\\\/product\\\/przescieradlo-z-gumka-do-lozeczka-100-bawelna-rozowe-120x60-cm\\\/&quot;,&quot;item_list_name&quot;:&quot;General Product List&quot;,&quot;index&quot;:0,&quot;product_type&quot;:&quot;simple&quot;}\"><\/span>\n\t\t\t\t<a href=\"https:\/\/betiko.eu\/index.php\/product\/przescieradlo-z-gumka-do-lozeczka-100-bawelna-rozowe-120x60-cm\/\" class=\"wc-block-grid__product-link\">\n\t\t\t\t\t\n\t\t\t\t\t<div class=\"wc-block-grid__product-image\"><img decoding=\"async\" width=\"300\" height=\"300\" src=\"https:\/\/betiko.eu\/wp-content\/uploads\/2026\/03\/3-6-300x300.avif\" class=\"attachment-woocommerce_thumbnail size-woocommerce_thumbnail has-transparency\" alt=\"Prze\u015bcierad\u0142o z Gumk\u0105 do \u0141\u00f3\u017ceczka 100% Bawe\u0142na R\u00f3\u017cowe 120x60 cm\" srcset=\"https:\/\/betiko.eu\/wp-content\/uploads\/2026\/03\/3-6-300x300.avif 300w, https:\/\/betiko.eu\/wp-content\/uploads\/2026\/03\/3-6-150x150.avif 150w, https:\/\/betiko.eu\/wp-content\/uploads\/2026\/03\/3-6-650x650.avif 650w, https:\/\/betiko.eu\/wp-content\/uploads\/2026\/03\/3-6-1300x1300.avif 1300w, https:\/\/betiko.eu\/wp-content\/uploads\/2026\/03\/3-6-100x100.avif 100w\" sizes=\"(max-width: 300px) 100vw, 300px\" data-has-transparency=\"true\" data-dominant-color=\"a59592\" style=\"--dominant-color: #a59592;\" \/><\/div>\n\t\t\t\t\t<div class=\"wc-block-grid__product-title\">Prze\u015bcierad\u0142o z Gumk\u0105 do \u0141\u00f3\u017ceczka 100% Bawe\u0142na R\u00f3\u017cowe 120&#215;60 cm<\/div>\n\t\t\t\t<\/a>\n\t\t\t\t<div class=\"wc-block-grid__product-price price\"><span class=\"woocommerce-Price-amount amount\">25,00&nbsp;<span class=\"woocommerce-Price-currencySymbol\">&#122;&#322;<\/span><\/span><\/div>\n\t\t\t\t\n\t\t\t\t<div class=\"wp-block-button wc-block-grid__product-add-to-cart\"><a href=\"\/index.php\/wp-json\/wp\/v2\/pages\/12?add-to-cart=5496\" aria-label=\"Dodaj do koszyka: &bdquo;Prze\u015bcierad\u0142o z Gumk\u0105 do \u0141\u00f3\u017ceczka 100% Bawe\u0142na R\u00f3\u017cowe 120x60 cm&rdquo;\" data-quantity=\"1\" data-product_id=\"5496\" data-product_sku=\"PRZ002\" data-price=\"25\" rel=\"nofollow\" class=\"wp-block-button__link  add_to_cart_button ajax_add_to_cart\">Dodaj do koszyka<\/a><\/div>\n\t\t\t<\/li><li class=\"wc-block-grid__product\"><span class=\"gtm4wp_productdata\" style=\"display:none; visibility:hidden;\" data-gtm4wp_product_data=\"{&quot;internal_id&quot;:5491,&quot;item_id&quot;:&quot;PRZ001&quot;,&quot;item_name&quot;:&quot;Prze\\u015bcierad\\u0142o z Gumk\\u0105 do \\u0141\\u00f3\\u017ceczka 100% Bawe\\u0142na Bia\\u0142e 120x60 cm&quot;,&quot;sku&quot;:&quot;PRZ001&quot;,&quot;price&quot;:25,&quot;stocklevel&quot;:99,&quot;stockstatus&quot;:&quot;instock&quot;,&quot;google_business_vertical&quot;:&quot;retail&quot;,&quot;item_category&quot;:&quot;Prze\\u015bcierad\\u0142a i ochraniacze materaca&quot;,&quot;id&quot;:&quot;PRZ001&quot;,&quot;item_brand&quot;:&quot;&quot;,&quot;productlink&quot;:&quot;https:\\\/\\\/betiko.eu\\\/index.php\\\/product\\\/przescieradlo-z-gumka-do-lozeczka-100-bawelna-biale-120x60-cm\\\/&quot;,&quot;item_list_name&quot;:&quot;General Product List&quot;,&quot;index&quot;:0,&quot;product_type&quot;:&quot;simple&quot;}\"><\/span>\n\t\t\t\t<a href=\"https:\/\/betiko.eu\/index.php\/product\/przescieradlo-z-gumka-do-lozeczka-100-bawelna-biale-120x60-cm\/\" class=\"wc-block-grid__product-link\">\n\t\t\t\t\t\n\t\t\t\t\t<div class=\"wc-block-grid__product-image\"><img loading=\"lazy\" decoding=\"async\" width=\"300\" height=\"300\" src=\"https:\/\/betiko.eu\/wp-content\/uploads\/2026\/03\/2-7-300x300.avif\" class=\"attachment-woocommerce_thumbnail size-woocommerce_thumbnail has-transparency\" alt=\"Prze\u015bcierad\u0142o z Gumk\u0105 do \u0141\u00f3\u017ceczka 100% Bawe\u0142na Bia\u0142e 120x60 cm\" srcset=\"https:\/\/betiko.eu\/wp-content\/uploads\/2026\/03\/2-7-300x300.avif 300w, https:\/\/betiko.eu\/wp-content\/uploads\/2026\/03\/2-7-150x150.avif 150w, https:\/\/betiko.eu\/wp-content\/uploads\/2026\/03\/2-7-650x650.avif 650w, https:\/\/betiko.eu\/wp-content\/uploads\/2026\/03\/2-7-100x100.avif 100w\" sizes=\"(max-width: 300px) 100vw, 300px\" data-has-transparency=\"true\" data-dominant-color=\"d5d5d5\" style=\"--dominant-color: #d5d5d5;\" \/><\/div>\n\t\t\t\t\t<div class=\"wc-block-grid__product-title\">Prze\u015bcierad\u0142o z Gumk\u0105 do \u0141\u00f3\u017ceczka 100% Bawe\u0142na Bia\u0142e 120&#215;60 cm<\/div>\n\t\t\t\t<\/a>\n\t\t\t\t<div class=\"wc-block-grid__product-price price\"><span class=\"woocommerce-Price-amount amount\">25,00&nbsp;<span class=\"woocommerce-Price-currencySymbol\">&#122;&#322;<\/span><\/span><\/div>\n\t\t\t\t\n\t\t\t\t<div class=\"wp-block-button wc-block-grid__product-add-to-cart\"><a href=\"\/index.php\/wp-json\/wp\/v2\/pages\/12?add-to-cart=5491\" aria-label=\"Dodaj do koszyka: &bdquo;Prze\u015bcierad\u0142o z Gumk\u0105 do \u0141\u00f3\u017ceczka 100% Bawe\u0142na Bia\u0142e 120x60 cm&rdquo;\" data-quantity=\"1\" data-product_id=\"5491\" data-product_sku=\"PRZ001\" data-price=\"25\" rel=\"nofollow\" class=\"wp-block-button__link  add_to_cart_button ajax_add_to_cart\">Dodaj do koszyka<\/a><\/div>\n\t\t\t<\/li><\/ul><\/div><\/div>\n<\/div>\n","protected":false},"excerpt":{"rendered":"","protected":false},"author":1,"featured_media":0,"parent":0,"menu_order":0,"comment_status":"closed","ping_status":"closed","template":"","meta":{"footnotes":""},"class_list":["post-12","page","type-page","status-publish","hentry"],"_links":{"self":[{"href":"https:\/\/betiko.eu\/index.php\/wp-json\/wp\/v2\/pages\/12","targetHints":{"allow":["GET"]}}],"collection":[{"href":"https:\/\/betiko.eu\/index.php\/wp-json\/wp\/v2\/pages"}],"about":[{"href":"https:\/\/betiko.eu\/index.php\/wp-json\/wp\/v2\/types\/page"}],"author":[{"embeddable":true,"href":"https:\/\/betiko.eu\/index.php\/wp-json\/wp\/v2\/users\/1"}],"replies":[{"embeddable":true,"href":"https:\/\/betiko.eu\/index.php\/wp-json\/wp\/v2\/comments?post=12"}],"version-history":[{"count":1,"href":"https:\/\/betiko.eu\/index.php\/wp-json\/wp\/v2\/pages\/12\/revisions"}],"predecessor-version":[{"id":5238,"href":"https:\/\/betiko.eu\/index.php\/wp-json\/wp\/v2\/pages\/12\/revisions\/5238"}],"wp:attachment":[{"href":"https:\/\/betiko.eu\/index.php\/wp-json\/wp\/v2\/media?parent=12"}],"curies":[{"name":"wp","href":"https:\/\/api.w.org\/{rel}","templated":true}]}}